{"id":168,"date":"2014-01-26T19:15:27","date_gmt":"2014-01-26T17:15:27","guid":{"rendered":"http:\/\/www.alina-beauty.ro\/?page_id=168"},"modified":"2026-01-11T20:46:10","modified_gmt":"2026-01-11T18:46:10","slug":"tarife-make-up","status":"publish","type":"page","link":"https:\/\/www.alina-beauty.ro\/?page_id=168","title":{"rendered":"Pre\u021buri machiaj la domiciliu"},"content":{"rendered":"<h4>Machiaj de zi (nu include gene false) 350 lei<\/h4>\n<h4><a href=\"https:\/\/www.alina-beauty.ro\/?page_id=54\">Machiaj de sear\u0103<\/a>\/eveniment (gene false incluse) 400 lei<\/h4>\n<h4><a href=\"https:\/\/www.alina-beauty.ro\/\">Machiaj mireas\u0103<\/a> (gene false incluse) 500 lei<\/h4>\n<h4>Machiaj mireas\u0103 cu prob\u0103 inclus\u0103 850 lei<\/h4>\n<h4>Montat gene false tip banda (manoper\u0103 + gene + adeziv) 100 lei<\/h4>\n<h4>Montat gene false tip m\u0103nunchi (manoper\u0103 + gene + adeziv) 150 lei<\/h4>\n<h5>* machiajul include \u0219i preg\u0103tirea tenului;<\/h5>\n<h5>* proba pentru coafat mireasa se poate face la salon pe Bd. Uverturii 145 D la salonul Trio Style Studio, de luni p\u00e2n\u0103 vineri \u0219i nu include gene false;<\/h5>\n<h5>* la machiajul pentru mireas\u0103 cu prob\u0103 inclus\u0103 se achit\u0103 avans 400 lei;<\/h5>\n","protected":false},"excerpt":{"rendered":"<p>Machiaj de zi (nu include gene false) 350 lei Machiaj de sear\u0103\/eveniment (gene false incluse) 400 lei Machiaj mireas\u0103 (gene false incluse) 500 lei Machiaj mireas\u0103 cu prob\u0103 inclus\u0103 850 lei Montat gene false tip banda (manoper\u0103 + gene + adeziv) 100 lei Montat gene false tip m\u0103nunchi (manoper\u0103 + gene + adeziv) 150 lei&hellip; <a href=\"https:\/\/www.alina-beauty.ro\/?page_id=168\">Read More<\/a><\/p>\n","protected":false},"author":1,"featured_media":2091,"parent":163,"menu_order":0,"comment_status":"closed","ping_status":"closed","template":"page-templates\/full-width.php","meta":{"om_disable_all_campaigns":false,"_monsterinsights_skip_tracking":false,"_monsterinsights_sitenote_active":false,"_monsterinsights_sitenote_note":"","_monsterinsights_sitenote_category":0,"footnotes":""},"class_list":["post-168","page","type-page","status-publish","has-post-thumbnail","hentry"],"aioseo_notices":[],"_links":{"self":[{"href":"https:\/\/www.alina-beauty.ro\/index.php?rest_route=\/wp\/v2\/pages\/168","targetHints":{"allow":["GET"]}}],"collection":[{"href":"https:\/\/www.alina-beauty.ro\/index.php?rest_route=\/wp\/v2\/pages"}],"about":[{"href":"https:\/\/www.alina-beauty.ro\/index.php?rest_route=\/wp\/v2\/types\/page"}],"author":[{"embeddable":true,"href":"https:\/\/www.alina-beauty.ro\/index.php?rest_route=\/wp\/v2\/users\/1"}],"replies":[{"embeddable":true,"href":"https:\/\/www.alina-beauty.ro\/index.php?rest_route=%2Fwp%2Fv2%2Fcomments&post=168"}],"version-history":[{"count":26,"href":"https:\/\/www.alina-beauty.ro\/index.php?rest_route=\/wp\/v2\/pages\/168\/revisions"}],"predecessor-version":[{"id":2603,"href":"https:\/\/www.alina-beauty.ro\/index.php?rest_route=\/wp\/v2\/pages\/168\/revisions\/2603"}],"up":[{"embeddable":true,"href":"https:\/\/www.alina-beauty.ro\/index.php?rest_route=\/wp\/v2\/pages\/163"}],"wp:featuredmedia":[{"embeddable":true,"href":"https:\/\/www.alina-beauty.ro\/index.php?rest_route=\/wp\/v2\/media\/2091"}],"wp:attachment":[{"href":"https:\/\/www.alina-beauty.ro\/index.php?rest_route=%2Fwp%2Fv2%2Fmedia&parent=168"}],"curies":[{"name":"wp","href":"https:\/\/api.w.org\/{rel}","templated":true}]}}