{"id":175,"date":"2014-01-26T19:28:52","date_gmt":"2014-01-26T17:28:52","guid":{"rendered":"http:\/\/www.alina-beauty.ro\/?page_id=175"},"modified":"2026-01-11T20:49:11","modified_gmt":"2026-01-11T18:49:11","slug":"pachete","status":"publish","type":"page","link":"https:\/\/www.alina-beauty.ro\/?page_id=175","title":{"rendered":"Pachete machiaj \u0219i coafat la domiciliu"},"content":{"rendered":"\n<h3 class=\"wp-block-heading has-text-align-center\">Pachete machiaj \u0219i coafat mireasa Bucure\u0219ti<\/h3>\n\n\n\n<h3 class=\"wp-block-heading has-text-align-center\">Pachete machiaj \u0219i coafat pentru eveniment<\/h3>\n\n\n<h3 style=\"text-align: center;\"><a href=\"http:\/\/www.alina-beauty.ro\/wp-content\/uploads\/2014\/01\/ev.jpg\"><img loading=\"lazy\" decoding=\"async\" class=\"aligncenter wp-image-1111 size-medium\" src=\"http:\/\/www.alina-beauty.ro\/wp-content\/uploads\/2014\/01\/ev-300x275.jpg\" alt=\"OFERTA PENTRU EVENIMENT\" width=\"300\" height=\"275\" srcset=\"https:\/\/www.alina-beauty.ro\/wp-content\/uploads\/2014\/01\/ev-300x275.jpg 300w, https:\/\/www.alina-beauty.ro\/wp-content\/uploads\/2014\/01\/ev.jpg 498w\" sizes=\"auto, (max-width: 300px) 100vw, 300px\" \/><\/a>OFERTA PENTRU EVENIMENT:<\/h3>\n<h4 style=\"text-align: center;\">machiaj profesional + coafat special &#8211; 800 lei<\/h4>\n<h5>*durata procedurilor este de aproximativ 2 ore \u0219i jum\u0103tate;<\/h5>\n<h4 style=\"text-align: left;\"><a href=\"http:\/\/www.alina-beauty.ro\/wp-content\/uploads\/2014\/01\/brude_makeup.jpg\"><img loading=\"lazy\" decoding=\"async\" class=\"aligncenter wp-image-1106 size-medium\" src=\"http:\/\/www.alina-beauty.ro\/wp-content\/uploads\/2014\/01\/brude_makeup-240x300.jpg\" alt=\"OFERTA WEDDING DAY\" width=\"240\" height=\"300\" srcset=\"https:\/\/www.alina-beauty.ro\/wp-content\/uploads\/2014\/01\/brude_makeup-240x300.jpg 240w, https:\/\/www.alina-beauty.ro\/wp-content\/uploads\/2014\/01\/brude_makeup.jpg 360w\" sizes=\"auto, (max-width: 240px) 100vw, 240px\" \/><\/a><\/h4>\n<h3 style=\"text-align: center;\">OFERTA WEDDING DAY (F\u0102R\u0102 PROB\u0102):<\/h3>\n<h4 style=\"text-align: center;\">machiaj profesional \u0219i coafat mireas\u0103 &#8211; 1000 lei<\/h4>\n<h3 style=\"text-align: center;\">OFERTA WEDDING DAY (CU PROB\u0102 INCLUS\u0102):<\/h3>\n<h4 style=\"text-align: center;\">machiaj profesional \u0219i coafat mireasa &#8211; 1500 lei<\/h4>\n<h5>\u00a0<\/h5>\n<h5>*oferta include proba at\u00e2t la coafat c\u00e2t \u0219i la machiaj, gene false incluse numai \u00een ziua evenimentului;<\/h5>\n<h5>*durata procedurilor este de aproximativ 3 ore \u0219i jum\u0103tate pentru ziua nun\u021bii;<\/h5>\n<h5>*proba se efectueaz\u0103 pe Bd. Uverturii 145D la salonul Trio Style Studio, de luni p\u00e2n\u0103 vineri;<\/h5>\n<h5>*la prob\u0103 se achit\u0103 \u00een avans 600 lei.<\/h5>","protected":false},"excerpt":{"rendered":"<p>Pachete machiaj \u0219i coafat mireasa Bucure\u0219ti Pachete machiaj \u0219i coafat pentru eveniment OFERTA PENTRU EVENIMENT: machiaj profesional + coafat special &#8211; 800 lei *durata procedurilor este de aproximativ 2 ore \u0219i jum\u0103tate; OFERTA WEDDING DAY (F\u0102R\u0102 PROB\u0102): machiaj profesional \u0219i coafat mireas\u0103 &#8211; 1000 lei OFERTA WEDDING DAY (CU PROB\u0102 INCLUS\u0102): machiaj profesional \u0219i coafat&hellip; <a href=\"https:\/\/www.alina-beauty.ro\/?page_id=175\">Read More<\/a><\/p>\n","protected":false},"author":1,"featured_media":0,"parent":163,"menu_order":3,"comment_status":"closed","ping_status":"closed","template":"page-templates\/full-width.php","meta":{"om_disable_all_campaigns":false,"_monsterinsights_skip_tracking":false,"_monsterinsights_sitenote_active":false,"_monsterinsights_sitenote_note":"","_monsterinsights_sitenote_category":0,"footnotes":""},"class_list":["post-175","page","type-page","status-publish","hentry"],"aioseo_notices":[],"_links":{"self":[{"href":"https:\/\/www.alina-beauty.ro\/index.php?rest_route=\/wp\/v2\/pages\/175","targetHints":{"allow":["GET"]}}],"collection":[{"href":"https:\/\/www.alina-beauty.ro\/index.php?rest_route=\/wp\/v2\/pages"}],"about":[{"href":"https:\/\/www.alina-beauty.ro\/index.php?rest_route=\/wp\/v2\/types\/page"}],"author":[{"embeddable":true,"href":"https:\/\/www.alina-beauty.ro\/index.php?rest_route=\/wp\/v2\/users\/1"}],"replies":[{"embeddable":true,"href":"https:\/\/www.alina-beauty.ro\/index.php?rest_route=%2Fwp%2Fv2%2Fcomments&post=175"}],"version-history":[{"count":40,"href":"https:\/\/www.alina-beauty.ro\/index.php?rest_route=\/wp\/v2\/pages\/175\/revisions"}],"predecessor-version":[{"id":2607,"href":"https:\/\/www.alina-beauty.ro\/index.php?rest_route=\/wp\/v2\/pages\/175\/revisions\/2607"}],"up":[{"embeddable":true,"href":"https:\/\/www.alina-beauty.ro\/index.php?rest_route=\/wp\/v2\/pages\/163"}],"wp:attachment":[{"href":"https:\/\/www.alina-beauty.ro\/index.php?rest_route=%2Fwp%2Fv2%2Fmedia&parent=175"}],"curies":[{"name":"wp","href":"https:\/\/api.w.org\/{rel}","templated":true}]}}