{"id":98,"date":"2014-01-25T22:34:30","date_gmt":"2014-01-25T20:34:30","guid":{"rendered":"http:\/\/www.alina-beauty.ro\/?page_id=98"},"modified":"2026-01-11T23:04:27","modified_gmt":"2026-01-11T21:04:27","slug":"parteneri","status":"publish","type":"page","link":"https:\/\/www.alina-beauty.ro\/?page_id=98","title":{"rendered":"Parteneri"},"content":{"rendered":"<h4>\u00a0<\/h4>\n<h4>Pentru ca dumneavoastr\u0103 s\u0103 ar\u0103ta\u021bi perfect \u00een orice zi, v\u0103 recomand <a href=\"https:\/\/www.facebook.com\/triostylestudio\/\">Trio Style Studio<\/a>, situat \u00een Bd. Uverturii 145D, sector 6 (intersec\u021bia Bd. Uverturii cu Str. Apusului)<\/h4>\n<h4>Prestez <a href=\"https:\/\/www.alina-beauty.ro\/?page_id=54\">servicii profesionale de machiaj \u0219i coafat<\/a> mireas\u0103 \u0219i la salon, dedicate mireselor care \u00ee\u0219i doresc un look elegant, rezistent \u0219i personalizat.<\/h4>\n<h4>M\u0103 deplasez la domiciliu, hotel sau loca\u021bia evenimentului, cu produse profesionale \u0219i echipamente complete<\/h4>\n\n\n<p><\/p>\n","protected":false},"excerpt":{"rendered":"<p>\u00a0 Pentru ca dumneavoastr\u0103 s\u0103 ar\u0103ta\u021bi perfect \u00een orice zi, v\u0103 recomand Trio Style Studio, situat \u00een Bd. Uverturii 145D, sector 6 (intersec\u021bia Bd. Uverturii cu Str. Apusului) Prestez servicii profesionale de machiaj \u0219i coafat mireas\u0103 \u0219i la salon, dedicate mireselor care \u00ee\u0219i doresc un look elegant, rezistent \u0219i personalizat. M\u0103 deplasez la domiciliu, hotel&hellip; <a href=\"https:\/\/www.alina-beauty.ro\/?page_id=98\">Read More<\/a><\/p>\n","protected":false},"author":1,"featured_media":0,"parent":0,"menu_order":9,"comment_status":"closed","ping_status":"closed","template":"","meta":{"om_disable_all_campaigns":false,"_monsterinsights_skip_tracking":false,"_monsterinsights_sitenote_active":false,"_monsterinsights_sitenote_note":"","_monsterinsights_sitenote_category":0,"footnotes":""},"class_list":["post-98","page","type-page","status-publish","hentry"],"aioseo_notices":[],"_links":{"self":[{"href":"https:\/\/www.alina-beauty.ro\/index.php?rest_route=\/wp\/v2\/pages\/98","targetHints":{"allow":["GET"]}}],"collection":[{"href":"https:\/\/www.alina-beauty.ro\/index.php?rest_route=\/wp\/v2\/pages"}],"about":[{"href":"https:\/\/www.alina-beauty.ro\/index.php?rest_route=\/wp\/v2\/types\/page"}],"author":[{"embeddable":true,"href":"https:\/\/www.alina-beauty.ro\/index.php?rest_route=\/wp\/v2\/users\/1"}],"replies":[{"embeddable":true,"href":"https:\/\/www.alina-beauty.ro\/index.php?rest_route=%2Fwp%2Fv2%2Fcomments&post=98"}],"version-history":[{"count":22,"href":"https:\/\/www.alina-beauty.ro\/index.php?rest_route=\/wp\/v2\/pages\/98\/revisions"}],"predecessor-version":[{"id":2632,"href":"https:\/\/www.alina-beauty.ro\/index.php?rest_route=\/wp\/v2\/pages\/98\/revisions\/2632"}],"wp:attachment":[{"href":"https:\/\/www.alina-beauty.ro\/index.php?rest_route=%2Fwp%2Fv2%2Fmedia&parent=98"}],"curies":[{"name":"wp","href":"https:\/\/api.w.org\/{rel}","templated":true}]}}